{"id":101,"date":"2014-04-17T11:38:00","date_gmt":"2014-04-17T11:38:00","guid":{"rendered":"http:\/\/kcb-bremerhaven.de\/?page_id=101"},"modified":"2026-03-14T21:40:42","modified_gmt":"2026-03-14T20:40:42","slug":"zum-mitnehmen","status":"publish","type":"page","link":"https:\/\/kcb-bremerhaven.de\/?page_id=101","title":{"rendered":"Mitgliedschaft"},"content":{"rendered":"<p>Paddeln ist ein familienfreundlicher Sport und macht auch Kindern immer&nbsp;wieder sehr viel Spa\u00df, da sie schon nach kurzer Zeit&nbsp;selbst\u00e4ndig ein Boot beherrschen k\u00f6nnen.<\/p>\n<p><span style=\"font-weight: bold;\">Aktivit\u00e4ten:<\/span><\/p>\n<ul>\n<li>Wanderfahrten<\/li>\n<li>Besuch von Wildwasserschulungen<\/li>\n<li>Tagesausfl\u00fcge in die n\u00e4here Umgebung<\/li>\n<li>Mehrtagesfahrten z.B. Pfingsten<\/li>\n<li>Paddeln f\u00fcr Jedermann und Familien<\/li>\n<\/ul>\n<p>Vereinsboote sind in ausreichender Anzahl f\u00fcr&nbsp;Anf\u00e4nger und Neulinge vorhanden, die Einweisung erfolgt durch&nbsp;einen lizenzierten &nbsp;\u00dcbungsleiter. Die Lune ist dabei sehr gut&nbsp;auch f\u00fcr Unge\u00fcbte geeignet.<\/p>\n<p>Das Vereinshaus bietet Unterbringungsm\u00f6glichkeiten&nbsp;f\u00fcr eigene Boote, einen Raum zum Aufenthalt bei schlechtem&nbsp;Wetter und zum Feiern. Das Vereinsgel\u00e4nde kann zum Camping&nbsp;genutzt werden.<\/p>\n<p style=\"text-align: center;\"><a href=\"https:\/\/kcb-bremerhaven.de\/wp-content\/uploads\/2014\/04\/IMG_3090.jpg\"><img loading=\"lazy\" decoding=\"async\" class=\" wp-image-168 aligncenter\" style=\"border: 0px;\" src=\"https:\/\/kcb-bremerhaven.de\/wp-content\/uploads\/2014\/04\/IMG_3090.jpg\" alt=\"IMG_3090\" width=\"614\" height=\"409\" srcset=\"https:\/\/kcb-bremerhaven.de\/wp-content\/uploads\/2014\/04\/IMG_3090.jpg 1024w, https:\/\/kcb-bremerhaven.de\/wp-content\/uploads\/2014\/04\/IMG_3090-300x199.jpg 300w\" sizes=\"auto, (max-width: 614px) 100vw, 614px\" \/><\/a><\/p>\n<p><span style=\"font-family: 'Times New Roman',serif; font-weight: bold;\">Weitere&nbsp;Infos zum Thema Mitgliedschaft gibt&#8217;s hier als PDF zum &#8222;Mitnehmen&#8220;<\/span><\/p>\n<ul>\n<li><a href=\"https:\/\/kcb-bremerhaven.de\/wp-content\/uploads\/2026\/03\/KCB-Mitglied1.pdf\">Mitgliedschaftsantrag<\/a><\/li>\n<li><a title=\"Mitgliedsbeitr\u00e4ge\" href=\"https:\/\/kcb-bremerhaven.de\/wp-content\/uploads\/2021\/05\/Beitraege-aktuell.pdf\" target=\"_blank\" rel=\"noopener noreferrer\">Beitr\u00e4ge<\/a><\/li>\n<\/ul>\n\n\n<p><\/p>\n","protected":false},"excerpt":{"rendered":"<p>Paddeln ist ein familienfreundlicher Sport und macht auch Kindern immer&nbsp;wieder sehr viel Spa\u00df, da sie schon nach kurzer Zeit&nbsp;selbst\u00e4ndig ein Boot beherrschen k\u00f6nnen. Aktivit\u00e4ten: Wanderfahrten Besuch von Wildwasserschulungen Tagesausfl\u00fcge in die n\u00e4here Umgebung Mehrtagesfahrten z.B. Pfingsten Paddeln f\u00fcr Jedermann und Familien Vereinsboote sind in ausreichender Anzahl f\u00fcr&nbsp;Anf\u00e4nger und Neulinge vorhanden, die Einweisung erfolgt durch&nbsp;einen lizenzierten &hellip; <\/p>\n<p><a class=\"more-link btn\" href=\"https:\/\/kcb-bremerhaven.de\/?page_id=101\">Weiterlesen<\/a><\/p>\n","protected":false},"author":3,"featured_media":0,"parent":0,"menu_order":0,"comment_status":"closed","ping_status":"closed","template":"","meta":{"ngg_post_thumbnail":0,"footnotes":""},"class_list":["post-101","page","type-page","status-publish","hentry","nodate","item-wrap"],"_links":{"self":[{"href":"https:\/\/kcb-bremerhaven.de\/index.php?rest_route=\/wp\/v2\/pages\/101","targetHints":{"allow":["GET"]}}],"collection":[{"href":"https:\/\/kcb-bremerhaven.de\/index.php?rest_route=\/wp\/v2\/pages"}],"about":[{"href":"https:\/\/kcb-bremerhaven.de\/index.php?rest_route=\/wp\/v2\/types\/page"}],"author":[{"embeddable":true,"href":"https:\/\/kcb-bremerhaven.de\/index.php?rest_route=\/wp\/v2\/users\/3"}],"replies":[{"embeddable":true,"href":"https:\/\/kcb-bremerhaven.de\/index.php?rest_route=%2Fwp%2Fv2%2Fcomments&post=101"}],"version-history":[{"count":17,"href":"https:\/\/kcb-bremerhaven.de\/index.php?rest_route=\/wp\/v2\/pages\/101\/revisions"}],"predecessor-version":[{"id":848,"href":"https:\/\/kcb-bremerhaven.de\/index.php?rest_route=\/wp\/v2\/pages\/101\/revisions\/848"}],"wp:attachment":[{"href":"https:\/\/kcb-bremerhaven.de\/index.php?rest_route=%2Fwp%2Fv2%2Fmedia&parent=101"}],"curies":[{"name":"wp","href":"https:\/\/api.w.org\/{rel}","templated":true}]}}