{"id":20,"date":"2014-04-17T06:55:21","date_gmt":"2014-04-17T06:55:21","guid":{"rendered":"http:\/\/kcb-bremerhaven.de\/?page_id=20"},"modified":"2026-03-14T16:38:06","modified_gmt":"2026-03-14T15:38:06","slug":"willkommen-beim-kanu-club-bremerhaven-e-v","status":"publish","type":"page","link":"https:\/\/kcb-bremerhaven.de\/","title":{"rendered":"Willkommen beim Kanu-Club Bremerhaven e.V."},"content":{"rendered":"<p><span style=\"color: #000080;\"><strong>Am Kanusport interessierte Personen sind herzlich eingeladen sich den KCB und seine Aktivit\u00e4ten anzusehen oder den Wanderwart anzusprechen um Informationen zu erhalten. Ein Schnupperpaddeln ist ausdr\u00fccklich von unserer Seite gew\u00fcnscht.<\/strong><\/span><\/p>\n<p><span style=\"color: #000080;\"><strong>Die Kontaktdaten sind unter &#8222;<span style=\"color: #ff0000;\">KONTAKT<\/span>&#8220; auf dieser Homepage zu finden.&nbsp; Der Vorstand des KCB.<\/strong><\/span><\/p>\n<p style=\"text-align: left;\">So vielf\u00e4ltig wie der Kanusport ist, so variantenreich sind die Aktivit\u00e4ten unseres Vereins. Unser Schwerpunkt sind Wanderfahrten im norddeutschen Bereich. In der Gemeinschaft \u00fcber Kleinfl\u00fcsse schlendern, sportliche Herausforderungen mit Langstrecken oder die Reize unserer K\u00fcste erleben.<\/p>\n<p style=\"text-align: left;\">Der Kanusport ist ein richtiger Jedermann-Sport. Alle Altersstufen und Anspr\u00fcche\/ Vorstellungen k\u00f6nnen hier ihre Erf\u00fcllung finden. K\u00f6rperliche Bet\u00e4tigung im Einklang mit der Natur und direktes Erleben der Natur sind beim Kanusport vereint. Frei nach dem Motte &#8222;alles geht nix muss&#8220; kann sich jeder seine Strecke und sein Tempo selbst w\u00e4hlen.<\/p>\n<p style=\"text-align: left;\">Der KCB wurde 1959 gegr\u00fcndet und ist 1998 in sein heutiges Bootshaus umgezogen. 2007 ist unser modern ausgestattetes Bootshaus um einen Anbau erweitert worden. In unserem Clubraum treffen wir uns zu gem\u00fctlichen Runden und nutzen den Raum f\u00fcr Ausbildungsveranstaltungen.<\/p>\n<p style=\"text-align: left;\">Unser Hausflu\u00df, die Lune, bietet im Gegensatz zu anderen Wasserfl\u00e4chen der Region ideale Bedingungen jederzeit den Sport zu betreiben. Besonders Einsteiger genie\u00dfen die Beschaulichkeit der Lune ohne Berufsschifffahrt oder starke Wasserstandsschwankungen.<\/p>\n<p style=\"text-align: left;\">Unser Verein hat derzeit ca. 60 Mitglieder in allen Altersstufen und verf\u00fcgt \u00fcber mehrere ausgebildete C-Trainer im Kanusport.<\/p>\n<p style=\"text-align: left;\">Koordinaten: 53.5095\u00b0 N \/ 8.5639\u00b0 O<\/p>\n<p style=\"text-align: left;\">&nbsp;<\/p>\nngg_shortcode_0_placeholder\n","protected":false},"excerpt":{"rendered":"<p>Am Kanusport interessierte Personen sind herzlich eingeladen sich den KCB und seine Aktivit\u00e4ten anzusehen oder den Wanderwart anzusprechen um Informationen zu erhalten. Ein Schnupperpaddeln ist ausdr\u00fccklich von unserer Seite gew\u00fcnscht. Die Kontaktdaten sind unter &#8222;KONTAKT&#8220; auf dieser Homepage zu finden.&nbsp; Der Vorstand des KCB. So vielf\u00e4ltig wie der Kanusport ist, so variantenreich sind die Aktivit\u00e4ten &hellip; <\/p>\n<p><a class=\"more-link btn\" href=\"https:\/\/kcb-bremerhaven.de\/\">Weiterlesen<\/a><\/p>\n","protected":false},"author":3,"featured_media":0,"parent":0,"menu_order":0,"comment_status":"closed","ping_status":"closed","template":"","meta":{"ngg_post_thumbnail":0,"footnotes":""},"class_list":["post-20","page","type-page","status-publish","hentry","nodate","item-wrap"],"_links":{"self":[{"href":"https:\/\/kcb-bremerhaven.de\/index.php?rest_route=\/wp\/v2\/pages\/20","targetHints":{"allow":["GET"]}}],"collection":[{"href":"https:\/\/kcb-bremerhaven.de\/index.php?rest_route=\/wp\/v2\/pages"}],"about":[{"href":"https:\/\/kcb-bremerhaven.de\/index.php?rest_route=\/wp\/v2\/types\/page"}],"author":[{"embeddable":true,"href":"https:\/\/kcb-bremerhaven.de\/index.php?rest_route=\/wp\/v2\/users\/3"}],"replies":[{"embeddable":true,"href":"https:\/\/kcb-bremerhaven.de\/index.php?rest_route=%2Fwp%2Fv2%2Fcomments&post=20"}],"version-history":[{"count":50,"href":"https:\/\/kcb-bremerhaven.de\/index.php?rest_route=\/wp\/v2\/pages\/20\/revisions"}],"predecessor-version":[{"id":843,"href":"https:\/\/kcb-bremerhaven.de\/index.php?rest_route=\/wp\/v2\/pages\/20\/revisions\/843"}],"wp:attachment":[{"href":"https:\/\/kcb-bremerhaven.de\/index.php?rest_route=%2Fwp%2Fv2%2Fmedia&parent=20"}],"curies":[{"name":"wp","href":"https:\/\/api.w.org\/{rel}","templated":true}]}}