{"id":417,"date":"2017-01-02T18:37:40","date_gmt":"2017-01-02T18:37:40","guid":{"rendered":"http:\/\/kcb-bremerhaven.de\/?page_id=417"},"modified":"2026-03-14T22:01:17","modified_gmt":"2026-03-14T21:01:17","slug":"unser-sport-und-veranstaltungsprogramm-in-2017","status":"publish","type":"page","link":"https:\/\/kcb-bremerhaven.de\/?page_id=417","title":{"rendered":"Unser Sport- und Veranstaltungsprogramm 2025\/2026"},"content":{"rendered":"\n<p class=\"has-small-font-size\"><\/p>\n\n\n\n<h2 class=\"wp-block-heading has-black-color has-text-color has-larger-font-size\">Termine sind geplant, und k\u00f6nnen kurzfristig ge\u00e4ndert werden.<\/h2>\n\n\n\n<p class=\"has-black-color has-text-color has-link-color has-larger-font-size wp-elements-41d6edb4f8f29335d61b4202d80d37fd\">Informationen zu \u00c4nderungen sind im Bootshaus ausgeh\u00e4ngt oder \u00fcber die WhatsApp Gruppe zu erhalten.<\/p>\n\n\n\n<figure class=\"wp-block-table\"><table><tbody><tr><td>Datum<\/td><td>Gew\u00e4sser<\/td><td>Veranstaltung<\/td><td>Informationen<\/td><td>Ansprechpartner<\/td><\/tr><tr><td>22.03.2026<\/td><td>Aller<\/td><td>LKV-Anpaddeln<\/td><td>30 km von Rethem &#8211; Verden, Start 11:00 in Rethem. Mittagspause mit Grillwurst beim WSC Westen, Catering beim WSV Verden:<br>Treffen KCB 07:00 Bootshaus <br>Information bei Richard<\/td><td>Richard<\/td><\/tr><tr><td>28.03.2026<\/td><td>Aller<\/td><td>43. Aller <br>Hochwasser Ralley<\/td><td>Hodenhagen \u2013 Verden 55 Km. Start 09:00 Uhr in Hodenhagen. oder<br>Rethem &#8211; Verden 31km. Start 10:30 in Rethem.<br>Anmeldung bis 22.03.23 erforderlich!<\/td><td>Richard<\/td><\/tr><tr><td>06.04.2026<\/td><td>Ochtum<\/td><td>Ostermontagsrunde<\/td><td>Rundkurs auf der Ochtum, f\u00fcr alle m\u00f6glich, Abfahrt 09:00 am KCB<\/td><td>Richard<\/td><\/tr><tr><td>11.04.2026<\/td><td>KCB<\/td><td>Arbeitsdienst<\/td><td>10:00 am Bootshaus<\/td><td>Torsten<\/td><\/tr><tr><td>12.04.2026<\/td><td>Lune<\/td><td>KCB-Anpaddeln<\/td><td>10:00 am Bootshaus anschlie\u00dfend grillen. Grillgut, Brot etc. bringt bitte jeder f\u00fcr sich selbst mit.<\/td><td>Richard&nbsp;<\/td><\/tr><tr><td>ab 16.04.2026<\/td><td>Lune<\/td><td>Feierabendpaddeln am Donnerstag anschlie\u00dfend Kl\u00f6nabend<\/td><td>17:00 Uhr Treffen am Bootshaus Strecke nach pers\u00f6nlichem Befinden.<br>19:00 Treffen im Verein zum kl\u00f6nen oder besprechen von Touren.<\/td><td>Richard<\/td><\/tr><tr><td>10.05.2026<\/td><td>See oder Lune<\/td><td>Kenter- und Wiedereinsteigtraining<\/td><td>Es geht ins und auf das Wasser. Bereits Erlerntes auffrischen und Neues lernen. Neopren oder Trockenanzug erforderlich Treffen 10:00 beim KCB<\/td><td>Richard<\/td><\/tr><tr><td>ab 10.05.2026<\/td><td>Lune<\/td><td>Sonntagspaddeln, falls nichts anderes geplant ist<\/td><td>Start um 11:00 jeder soviel er mag. Hinterher gem\u00fctliches Beisammensein im Verein.<\/td><td>Richard<\/td><\/tr><tr><td>16.05.2026<\/td><td>Weser<\/td><td>32.Weser Tidenralley<\/td><td>Start 09:30 WSV Nordenham<br>33 km KC R\u00f6nnebeck Silberziel<br>44km TuRa Bremen Goldziel<br>Anmeldung bis 03.05.26 erforderlich!<br>Information bei Richard<\/td><td>Richard<\/td><\/tr><tr><td>24.05.2026<br>25.05.2026<\/td><td>Medem<\/td><td>Tagestour<\/td><td>Sonntag 09:00 Start am KCB<br>Ihlienworth bis Otterndorf 13km<br>anschlie\u00dfend Kaffee und Kuchen in Otterndorf<br>Wer Lust hat bleibt \u00fcber Nacht im Verein oder kommt am Morgens zu einer gem\u00fctlichen Lunerunde dazu.<\/td><td>Richard<\/td><\/tr><tr><td>06.06.2026<br>07.06.2026<\/td><td>Au\u00dfenweser<\/td><td>Tagesfahrten \/ Gep\u00e4ck Tour<\/td><td>Je nach Wetterlage und Gruppe Tages- oder \u00dcbernachtungstour m\u00f6glich.<br>Nur f\u00fcr Ge\u00fcbte mit entsprechender Ausr\u00fcstung<br>Information bei Richard<\/td><td>Richard<\/td><\/tr><tr><td>14.06.2026<\/td><td>Hamme<\/td><td>Tagestour<\/td><td>WSV Ritterhude bis Neu Helgoland und zur\u00fcck 20km Abfahrt 09:00 am KCB<br>Information bei Richard<\/td><td>Richard<\/td><\/tr><tr><td>12.07.2026<\/td><td>Hunte<\/td><td>Tagestour<\/td><td>Osttrittum \u2013 Huntlosen<br>Start 09:00 am KCB<\/td><td>Richard<\/td><\/tr><tr><td>23.08.2026<\/td><td>W\u00fcmme<\/td><td>W\u00fcmme und\/oder Blocklandgew\u00e4sser<\/td><td>Tour auf der W\u00fcmme und oder Blocklandgew\u00e4ssern Details folgen<\/td><td>Richard<\/td><\/tr><tr><td>26.09.2026<\/td><td>KCB<\/td><td>Arbeitsdienst<\/td><td>10:00 am Bootshaus<\/td><td>Torsten<\/td><\/tr><tr><td>27.09.2026<\/td><td>Lune<\/td><td>Abpaddeln des LKV Bremen und des KCB<\/td><td>Offizielles Saisonende 2026 des LKV Bremen <br>in diesem Jahr auf der Lune<br>Details folgen<\/td><td>Richard<\/td><\/tr><tr><td>10.10.2026<\/td><td>Weser<\/td><td>Harriersand rund<\/td><td>von Sandstedt rund Harriersand 24Km <br>immer mit dem Strom<br>Start 10:00 am KCB<br>Informationen bei Richard<\/td><td>Richard<\/td><\/tr><tr><td>NOV 2026<br>genaues Datum folgt<\/td><td>Bad 3<\/td><td>Kentern<\/td><td>16:00 bis 18:00 saubere Boote<\/td><td>Richard<\/td><\/tr><tr><td>JAN 2027<br>genaues Datum folgt<\/td><td>BAD 3<\/td><td>Kentern<\/td><td>16:00 bis 18:00 saubere Boote<\/td><td>Richard<\/td><\/tr><tr><td>FEB 2027<br>genaues Datum folgt<\/td><td>Bad 3<\/td><td>Kentern<\/td><td>16:00 bis 18:00 saubere Boote<\/td><td>Richard<\/td><\/tr><tr><td>MAR 2027<br>genaues Datum folgt<\/td><td>BAD 3<\/td><td>Kentern<\/td><td>16:00 bis 18:00 saubere Boote<\/td><td>Richard<\/td><\/tr><tr><td><\/td><td><\/td><td><\/td><td><\/td><td><\/td><\/tr><\/tbody><\/table><\/figure>\n","protected":false},"excerpt":{"rendered":"<p>Termine sind geplant, und k\u00f6nnen kurzfristig ge\u00e4ndert werden. Informationen zu \u00c4nderungen sind im Bootshaus ausgeh\u00e4ngt oder \u00fcber die WhatsApp Gruppe zu erhalten. Datum Gew\u00e4sser Veranstaltung Informationen Ansprechpartner 22.03.2026 Aller LKV-Anpaddeln 30 km von Rethem &#8211; Verden, Start 11:00 in Rethem. Mittagspause mit Grillwurst beim WSC Westen, Catering beim WSV Verden:Treffen KCB 07:00 Bootshaus Information bei &hellip; <\/p>\n<p><a class=\"more-link btn\" href=\"https:\/\/kcb-bremerhaven.de\/?page_id=417\">Weiterlesen<\/a><\/p>\n","protected":false},"author":3,"featured_media":0,"parent":0,"menu_order":0,"comment_status":"closed","ping_status":"closed","template":"","meta":{"ngg_post_thumbnail":0,"footnotes":""},"class_list":["post-417","page","type-page","status-publish","hentry","nodate","item-wrap"],"_links":{"self":[{"href":"https:\/\/kcb-bremerhaven.de\/index.php?rest_route=\/wp\/v2\/pages\/417","targetHints":{"allow":["GET"]}}],"collection":[{"href":"https:\/\/kcb-bremerhaven.de\/index.php?rest_route=\/wp\/v2\/pages"}],"about":[{"href":"https:\/\/kcb-bremerhaven.de\/index.php?rest_route=\/wp\/v2\/types\/page"}],"author":[{"embeddable":true,"href":"https:\/\/kcb-bremerhaven.de\/index.php?rest_route=\/wp\/v2\/users\/3"}],"replies":[{"embeddable":true,"href":"https:\/\/kcb-bremerhaven.de\/index.php?rest_route=%2Fwp%2Fv2%2Fcomments&post=417"}],"version-history":[{"count":36,"href":"https:\/\/kcb-bremerhaven.de\/index.php?rest_route=\/wp\/v2\/pages\/417\/revisions"}],"predecessor-version":[{"id":850,"href":"https:\/\/kcb-bremerhaven.de\/index.php?rest_route=\/wp\/v2\/pages\/417\/revisions\/850"}],"wp:attachment":[{"href":"https:\/\/kcb-bremerhaven.de\/index.php?rest_route=%2Fwp%2Fv2%2Fmedia&parent=417"}],"curies":[{"name":"wp","href":"https:\/\/api.w.org\/{rel}","templated":true}]}}